{"id":2,"date":"2017-10-12T11:18:40","date_gmt":"2017-10-12T09:18:40","guid":{"rendered":"http:\/\/www.angelicustodi.org\/?page_id=2"},"modified":"2025-02-15T18:24:34","modified_gmt":"2025-02-15T17:24:34","slug":"pagina-di-esempio","status":"publish","type":"page","link":"https:\/\/www.angelicustodi.org\/","title":{"rendered":"Homepage"},"content":{"rendered":"<p>ANGELI CUSTODI onlus<br \/>\nAssociazione Nazionale<br \/>\nTutela dei diritti civili e umani degli Ospiti nelle case di riposo<\/p>\n<p>Via Gioconda, 3 &#8211; 26100 Cremona<\/p>\n<p>L\u2019attuale crisi economica colpisce le famiglie in modo cos\u00ec rilevante, tanto da non riuscire ad arrivare a fine mese con il proprio stipendio o la propria pensione.<br \/>\nLa situazione \u00e8 tanto pi\u00f9 grave quando nella famiglia c\u2019\u00e8 una persona anziana o disabile che necessita di cure e attenzioni particolari che ci costringono, nostro malgrado, a ricoverarle in una casa di riposo ( ammesso che trovino il posto ).<br \/>\nAttraverso gli organi d\u2019informazione veniamo a conoscenza dell\u2019esistenza di pseudo case di riposo, i cui dipendenti infliggono agli Ospiti ogni genere di sevizie, le quali provocano, oltre che alle sofferenze fisiche, anche quelle morali. Tutto ci\u00f2 DEVE finire.<br \/>\nLa dignit\u00e0 dell\u2019ospite, cos\u00ec vergognosamente lesa, le anomalie che proprio nel settore socio-assistenziale sono emerse hanno bisogno di una revisione generale.<br \/>\nNasce quindi l\u2019associazione \u201c ANGELI CUSTODI \u201c.<\/p>\n<p>Tra gli obbiettivi pi\u00f9 URGENTI da perseguire con il sostegno delle famiglie e della cittadinanza sensibile al problema vi sono :<\/p>\n<p>la razionalizzazione delle tariffe nelle strutture residenziali e non coinvolgimento dei familiari nel pagamento delle stesse;<\/p>\n<p>sostenere, laddove fosse possibile, le famiglie con paricolare disagio economico e con un familiare ricoverato in una struttura;<\/p>\n<p>trasformazione dei comitati dei familiari da organi consultivi in organi decisionali, inserendo nei consigli di amministrazione delle strutture residenziali un loro rappresentante. ( chi meglio di un familiare conosce le eventuali carenze della struttura ? );<\/p>\n<p>la risoluzione delle criticita\u2019 presso le strutture residenziali quali : autorizzazioni mancanti &#8211; strutture non adeguate &#8211; numero di anziani superiore agli standards previsti &#8211; carenza di condizioni igienico-sanitarie e di sicurezza.<\/p>\n<p>Perche\u2019 il nostro progetto possa realizzarsi<br \/>\naiutaci &#8211; e &#8211; sostienici ! ! !<\/p>\n<p>Per informazioni :<br \/>\nCell. 327-1772694<br \/>\nE-mail: info@angelicustodi.org<\/p>\n<p>Per iscrizione all&#8217;associazione : Euro 10 all&#8217;anno<br \/>\nPer 5 per mille e per donazioni:<br \/>\nCodice FIscale: 93055660190<br \/>\nBanca Unicredit c\/c n. 01028833262<br \/>\nIBAN: IT75H0200811402000102833262<\/p>\n","protected":false},"excerpt":{"rendered":"<p>ANGELI CUSTODI onlus Associazione Nazionale Tutela dei diritti civili e umani degli Ospiti nelle case di riposo Via Gioconda, 3 &#8211; 26100 Cremona L\u2019attuale crisi economica colpisce le famiglie in modo cos\u00ec rilevante, tanto da non riuscire ad arrivare a fine mese con il proprio stipendio o la propria pensione. La situazione \u00e8 tanto pi\u00f9 &hellip; <\/p>\n","protected":false},"author":1,"featured_media":257,"parent":0,"menu_order":0,"comment_status":"closed","ping_status":"open","template":"","meta":{"footnotes":""},"class_list":["post-2","page","type-page","status-publish","has-post-thumbnail","hentry","grid-sizer"],"_links":{"self":[{"href":"https:\/\/www.angelicustodi.org\/index.php?rest_route=\/wp\/v2\/pages\/2"}],"collection":[{"href":"https:\/\/www.angelicustodi.org\/index.php?rest_route=\/wp\/v2\/pages"}],"about":[{"href":"https:\/\/www.angelicustodi.org\/index.php?rest_route=\/wp\/v2\/types\/page"}],"author":[{"embeddable":true,"href":"https:\/\/www.angelicustodi.org\/index.php?rest_route=\/wp\/v2\/users\/1"}],"replies":[{"embeddable":true,"href":"https:\/\/www.angelicustodi.org\/index.php?rest_route=%2Fwp%2Fv2%2Fcomments&post=2"}],"version-history":[{"count":5,"href":"https:\/\/www.angelicustodi.org\/index.php?rest_route=\/wp\/v2\/pages\/2\/revisions"}],"predecessor-version":[{"id":69,"href":"https:\/\/www.angelicustodi.org\/index.php?rest_route=\/wp\/v2\/pages\/2\/revisions\/69"}],"wp:featuredmedia":[{"embeddable":true,"href":"https:\/\/www.angelicustodi.org\/index.php?rest_route=\/wp\/v2\/media\/257"}],"wp:attachment":[{"href":"https:\/\/www.angelicustodi.org\/index.php?rest_route=%2Fwp%2Fv2%2Fmedia&parent=2"}],"curies":[{"name":"wp","href":"https:\/\/api.w.org\/{rel}","templated":true}]}}